{"id":241,"date":"2025-07-08T15:34:01","date_gmt":"2025-07-08T13:34:01","guid":{"rendered":"https:\/\/educatricecanin.com\/?page_id=241"},"modified":"2025-07-08T15:46:39","modified_gmt":"2025-07-08T13:46:39","slug":"mentions-legales","status":"publish","type":"page","link":"https:\/\/educatricecanin.com\/index.php\/mentions-legales\/","title":{"rendered":"Mentions l\u00e9gales"},"content":{"rendered":"\t\t<div data-elementor-type=\"wp-page\" data-elementor-id=\"241\" class=\"elementor elementor-241\">\n\t\t\t\t\t\t<section class=\"elementor-section elementor-top-section elementor-element elementor-element-4ab847d elementor-reverse-mobile elementor-section-boxed elementor-section-height-default elementor-section-height-default\" data-id=\"4ab847d\" data-element_type=\"section\" data-e-type=\"section\" data-settings=\"{&quot;background_background&quot;:&quot;classic&quot;,&quot;shape_divider_bottom&quot;:&quot;waves&quot;,&quot;shape_divider_bottom_negative&quot;:&quot;yes&quot;,&quot;shape_divider_top&quot;:&quot;waves&quot;}\">\n\t\t\t\t\t<div class=\"elementor-shape elementor-shape-top\" aria-hidden=\"true\" data-negative=\"false\">\n\t\t\t<svg xmlns=\"http:\/\/www.w3.org\/2000\/svg\" viewBox=\"0 0 1000 100\" preserveAspectRatio=\"none\">\n\t<path class=\"elementor-shape-fill\" d=\"M421.9,6.5c22.6-2.5,51.5,0.4,75.5,5.3c23.6,4.9,70.9,23.5,100.5,35.7c75.8,32.2,133.7,44.5,192.6,49.7\n\tc23.6,2.1,48.7,3.5,103.4-2.5c54.7-6,106.2-25.6,106.2-25.6V0H0v30.3c0,0,72,32.6,158.4,30.5c39.2-0.7,92.8-6.7,134-22.4\n\tc21.2-8.1,52.2-18.2,79.7-24.2C399.3,7.9,411.6,7.5,421.9,6.5z\"\/>\n<\/svg>\t\t<\/div>\n\t\t\t\t<div class=\"elementor-shape elementor-shape-bottom\" aria-hidden=\"true\" data-negative=\"true\">\n\t\t\t<svg xmlns=\"http:\/\/www.w3.org\/2000\/svg\" viewBox=\"0 0 1000 100\" preserveAspectRatio=\"none\">\n\t<path class=\"elementor-shape-fill\" d=\"M790.5,93.1c-59.3-5.3-116.8-18-192.6-50c-29.6-12.7-76.9-31-100.5-35.9c-23.6-4.9-52.6-7.8-75.5-5.3\n\tc-10.2,1.1-22.6,1.4-50.1,7.4c-27.2,6.3-58.2,16.6-79.4,24.7c-41.3,15.9-94.9,21.9-134,22.6C72,58.2,0,25.8,0,25.8V100h1000V65.3\n\tc0,0-51.5,19.4-106.2,25.7C839.5,97,814.1,95.2,790.5,93.1z\"\/>\n<\/svg>\t\t<\/div>\n\t\t\t\t\t<div class=\"elementor-container elementor-column-gap-default\">\n\t\t\t\t\t<div class=\"elementor-column elementor-col-100 elementor-top-column elementor-element elementor-element-1dddec8\" data-id=\"1dddec8\" data-element_type=\"column\" data-e-type=\"column\">\n\t\t\t<div class=\"elementor-widget-wrap elementor-element-populated\">\n\t\t\t\t\t\t<div class=\"elementor-element elementor-element-2ecc1c7 elementor-widget elementor-widget-heading\" data-id=\"2ecc1c7\" data-element_type=\"widget\" data-e-type=\"widget\" data-settings=\"{&quot;_animation&quot;:&quot;none&quot;}\" data-widget_type=\"heading.default\">\n\t\t\t\t<div class=\"elementor-widget-container\">\n\t\t\t\t\t<h2 class=\"elementor-heading-title elementor-size-default\">Mentions l\u00e9gales<\/h2>\t\t\t\t<\/div>\n\t\t\t\t<\/div>\n\t\t\t\t<div class=\"elementor-element elementor-element-fb5acef elementor-widget elementor-widget-text-editor\" data-id=\"fb5acef\" data-element_type=\"widget\" data-e-type=\"widget\" data-widget_type=\"text-editor.default\">\n\t\t\t\t<div class=\"elementor-widget-container\">\n\t\t\t\t\t\t\t\t\t<h3 data-start=\"142\" data-end=\"166\">1. \u00c9diteur du site<\/h3><p data-start=\"167\" data-end=\"528\"><strong data-start=\"167\" data-end=\"182\">Nom du site<\/strong> : <a class=\"\" href=\"https:\/\/educatricecanin.com\" target=\"_new\" rel=\"noopener\" data-start=\"185\" data-end=\"235\">educatricecanin.com<\/a><br data-start=\"235\" data-end=\"238\" \/><strong data-start=\"238\" data-end=\"249\">\u00c9diteur<\/strong> : Eric M.<br data-start=\"486\" data-end=\"489\" \/><strong data-start=\"489\" data-end=\"498\">Email<\/strong> : <a class=\"cursor-pointer\" rel=\"noopener\" data-start=\"501\" data-end=\"528\">contact@educatricecanin.com<\/a><\/p><hr data-start=\"530\" data-end=\"533\" \/><h3 data-start=\"535\" data-end=\"555\">2. H\u00e9bergement<\/h3><p data-start=\"556\" data-end=\"714\"><strong data-start=\"556\" data-end=\"569\">H\u00e9bergeur<\/strong> : OVH<br data-start=\"575\" data-end=\"578\" \/><strong data-start=\"578\" data-end=\"589\">Adresse<\/strong> : 2 rue Kellermann, 59100 Roubaix, France<br data-start=\"631\" data-end=\"634\" \/><strong data-start=\"634\" data-end=\"647\">T\u00e9l\u00e9phone<\/strong> : 1007<br data-start=\"654\" data-end=\"657\" \/><strong data-start=\"657\" data-end=\"669\">Site web<\/strong> : <a class=\"\" href=\"https:\/\/www.ovh.com\" target=\"_new\" rel=\"noopener\" data-start=\"672\" data-end=\"714\">https:\/\/www.ovh.com<\/a><\/p><hr data-start=\"716\" data-end=\"719\" \/><h3 data-start=\"721\" data-end=\"754\">3. Propri\u00e9t\u00e9 intellectuelle<\/h3><p data-start=\"755\" data-end=\"1048\">L\u2019ensemble du contenu pr\u00e9sent sur ce site (textes, images, vid\u00e9os, \u00e9l\u00e9ments graphiques, logo, etc.) est prot\u00e9g\u00e9 par le droit d\u2019auteur et la propri\u00e9t\u00e9 intellectuelle.<br data-start=\"920\" data-end=\"923\" \/>Toute reproduction, distribution, modification ou utilisation, sans autorisation \u00e9crite pr\u00e9alable, est strictement interdite.<\/p><hr data-start=\"1050\" data-end=\"1053\" \/><h3 data-start=\"1055\" data-end=\"1084\">4. Donn\u00e9es personnelles<\/h3><p data-start=\"1085\" data-end=\"1575\">Le site educatricecanin.com peut collecter des donn\u00e9es personnelles via des formulaires (contact, inscription, commande, etc.).<br data-start=\"1212\" data-end=\"1215\" \/>Conform\u00e9ment au R\u00e8glement G\u00e9n\u00e9ral sur la Protection des Donn\u00e9es (RGPD) et \u00e0 la loi \u00ab Informatique et Libert\u00e9s \u00bb, vous disposez d\u2019un droit d\u2019acc\u00e8s, de rectification, d\u2019opposition et de suppression de vos donn\u00e9es.<br data-start=\"1426\" data-end=\"1429\" \/>Pour exercer vos droits, vous pouvez nous contacter \u00e0 : <strong data-start=\"1485\" data-end=\"1516\"><a class=\"cursor-pointer\" rel=\"noopener\" data-start=\"1487\" data-end=\"1514\">contact@educatricecanin.com<\/a><\/strong>.<br data-start=\"1517\" data-end=\"1520\" \/>Aucune information personnelle n\u2019est c\u00e9d\u00e9e \u00e0 des tiers.<\/p><hr data-start=\"1577\" data-end=\"1580\" \/><h3 data-start=\"1582\" data-end=\"1598\">5. Cookies<\/h3><p data-start=\"1599\" data-end=\"1857\">Ce site utilise des cookies \u00e0 des fins statistiques et pour am\u00e9liorer votre navigation.<br data-start=\"1686\" data-end=\"1689\" \/>En continuant \u00e0 naviguer sur ce site, vous acceptez l\u2019utilisation de cookies. Vous pouvez modifier vos pr\u00e9f\u00e9rences \u00e0 tout moment via les param\u00e8tres de votre navigateur.<\/p><hr data-start=\"1859\" data-end=\"1862\" \/><h3 data-start=\"1864\" data-end=\"1901\">6. Limitation de responsabilit\u00e9<\/h3><p data-start=\"1902\" data-end=\"2061\">Eric M. ne saurait \u00eatre tenu responsable des \u00e9ventuelles erreurs rencontr\u00e9es sur le site, de probl\u00e8mes techniques, d\u2019interruption ou d\u2019indisponibilit\u00e9 du site.<\/p>\t\t\t\t\t\t\t\t<\/div>\n\t\t\t\t<\/div>\n\t\t\t\t\t<\/div>\n\t\t<\/div>\n\t\t\t\t\t<\/div>\n\t\t<\/section>\n\t\t\t\t<section class=\"elementor-section elementor-top-section elementor-element elementor-element-a5974d6 elementor-section-boxed elementor-section-height-default elementor-section-height-default\" data-id=\"a5974d6\" data-element_type=\"section\" data-e-type=\"section\">\n\t\t\t\t\t\t<div class=\"elementor-container elementor-column-gap-default\">\n\t\t\t\t\t<div class=\"elementor-column elementor-col-100 elementor-top-column elementor-element elementor-element-226c666\" data-id=\"226c666\" data-element_type=\"column\" data-e-type=\"column\">\n\t\t\t<div class=\"elementor-widget-wrap elementor-element-populated\">\n\t\t\t\t\t\t<div class=\"elementor-element elementor-element-6368c2d elementor-widget elementor-widget-text-editor\" data-id=\"6368c2d\" data-element_type=\"widget\" data-e-type=\"widget\" data-widget_type=\"text-editor.default\">\n\t\t\t\t<div class=\"elementor-widget-container\">\n\t\t\t\t\t\t\t\t\t<p><span style=\"color: #000000;\"><a style=\"color: #000000;\" href=\"https:\/\/educatricecanin.com\/index.php\/mentions-legales\/\">Mentions l\u00e9gales<\/a><\/span><\/p>\t\t\t\t\t\t\t\t<\/div>\n\t\t\t\t<\/div>\n\t\t\t\t\t<\/div>\n\t\t<\/div>\n\t\t\t\t\t<\/div>\n\t\t<\/section>\n\t\t\t\t<\/div>\n\t\t","protected":false},"excerpt":{"rendered":"<p>Mentions l\u00e9gales 1. \u00c9diteur du site Nom du site : educatricecanin.com\u00c9diteur : Eric M.Email : contact@educatricecanin.com 2. H\u00e9bergement H\u00e9bergeur : [&hellip;]<\/p>\n","protected":false},"author":1,"featured_media":0,"parent":0,"menu_order":0,"comment_status":"closed","ping_status":"open","template":"","meta":{"site-sidebar-layout":"no-sidebar","site-content-layout":"","ast-site-content-layout":"full-width-container","site-content-style":"default","site-sidebar-style":"default","ast-global-header-display":"disabled","ast-banner-title-visibility":"","ast-main-header-display":"","ast-hfb-above-header-display":"","ast-hfb-below-header-display":"","ast-hfb-mobile-header-display":"","site-post-title":"disabled","ast-breadcrumbs-content":"","ast-featured-img":"disabled","footer-sml-layout":"disabled","theme-transparent-header-meta":"","adv-header-id-meta":"","stick-header-meta":"","header-above-stick-meta":"","header-main-stick-meta":"","header-below-stick-meta":"","astra-migrate-meta-layouts":"default","ast-page-background-enabled":"default","ast-page-background-meta":{"desktop":{"background-color":"var(--ast-global-color-5)","background-image":"","background-repeat":"repeat","background-position":"center center","background-size":"auto","background-attachment":"scroll","background-type":"","background-media":"","overlay-type":"","overlay-color":"","overlay-opacity":"","overlay-gradient":""},"tablet":{"background-color":"","background-image":"","background-repeat":"repeat","background-position":"center center","background-size":"auto","background-attachment":"scroll","background-type":"","background-media":"","overlay-type":"","overlay-color":"","overlay-opacity":"","overlay-gradient":""},"mobile":{"background-color":"","background-image":"","background-repeat":"repeat","background-position":"center center","background-size":"auto","background-attachment":"scroll","background-type":"","background-media":"","overlay-type":"","overlay-color":"","overlay-opacity":"","overlay-gradient":""}},"ast-content-background-meta":{"desktop":{"background-color":"var(--ast-global-color-4)","background-image":"","background-repeat":"repeat","background-position":"center center","background-size":"auto","background-attachment":"scroll","background-type":"","background-media":"","overlay-type":"","overlay-color":"","overlay-opacity":"","overlay-gradient":""},"tablet":{"background-color":"var(--ast-global-color-4)","background-image":"","background-repeat":"repeat","background-position":"center center","background-size":"auto","background-attachment":"scroll","background-type":"","background-media":"","overlay-type":"","overlay-color":"","overlay-opacity":"","overlay-gradient":""},"mobile":{"background-color":"var(--ast-global-color-4)","background-image":"","background-repeat":"repeat","background-position":"center center","background-size":"auto","background-attachment":"scroll","background-type":"","background-media":"","overlay-type":"","overlay-color":"","overlay-opacity":"","overlay-gradient":""}},"footnotes":""},"class_list":["post-241","page","type-page","status-publish","hentry"],"yoast_head":"<!-- This site is optimized with the Yoast SEO plugin v27.4 - https:\/\/yoast.com\/product\/yoast-seo-wordpress\/ -->\n<title>Caroline Lange - Educatrice professionnelle canin<\/title>\n<meta name=\"description\" content=\"Marre des s\u00e9ances d\u2019\u00e9ducation interminables ? Gr\u00e2ce \u00e0 ce guide exclusif cr\u00e9\u00e9 par une \u00e9ducatrice canine professionnelle, d\u00e9couvrez comment transformer le comportement de votre chien en seulement 15 minutes par jour ! Des m\u00e9thodes simples, rapides et fun, pour un chien bien dans ses pattes\u2026 et un ma\u00eetre combl\u00e9. R\u00e9sultats visibles d\u00e8s les premiers jours !\" \/>\n<meta name=\"robots\" content=\"index, follow, max-snippet:-1, max-image-preview:large, max-video-preview:-1\" \/>\n<link rel=\"canonical\" href=\"https:\/\/educatricecanin.com\/index.php\/mentions-legales\/\" \/>\n<meta property=\"og:locale\" content=\"fr_FR\" \/>\n<meta property=\"og:type\" content=\"article\" \/>\n<meta property=\"og:title\" content=\"Caroline Lange - Educatrice professionnelle canin\" \/>\n<meta property=\"og:description\" content=\"Marre des s\u00e9ances d\u2019\u00e9ducation interminables ? Gr\u00e2ce \u00e0 ce guide exclusif cr\u00e9\u00e9 par une \u00e9ducatrice canine professionnelle, d\u00e9couvrez comment transformer le comportement de votre chien en seulement 15 minutes par jour ! Des m\u00e9thodes simples, rapides et fun, pour un chien bien dans ses pattes\u2026 et un ma\u00eetre combl\u00e9. R\u00e9sultats visibles d\u00e8s les premiers jours !\" \/>\n<meta property=\"og:url\" content=\"https:\/\/educatricecanin.com\/index.php\/mentions-legales\/\" \/>\n<meta property=\"og:site_name\" content=\"WordPress\" \/>\n<meta property=\"article:modified_time\" content=\"2025-07-08T13:46:39+00:00\" \/>\n<meta name=\"twitter:card\" content=\"summary_large_image\" \/>\n<meta name=\"twitter:label1\" content=\"Dur\u00e9e de lecture estim\u00e9e\" \/>\n\t<meta name=\"twitter:data1\" content=\"2 minutes\" \/>\n<script type=\"application\/ld+json\" class=\"yoast-schema-graph\">{\"@context\":\"https:\\\/\\\/schema.org\",\"@graph\":[{\"@type\":\"WebPage\",\"@id\":\"https:\\\/\\\/educatricecanin.com\\\/index.php\\\/mentions-legales\\\/\",\"url\":\"https:\\\/\\\/educatricecanin.com\\\/index.php\\\/mentions-legales\\\/\",\"name\":\"Caroline Lange - Educatrice professionnelle canin\",\"isPartOf\":{\"@id\":\"https:\\\/\\\/educatricecanin.com\\\/#website\"},\"datePublished\":\"2025-07-08T13:34:01+00:00\",\"dateModified\":\"2025-07-08T13:46:39+00:00\",\"description\":\"Marre des s\u00e9ances d\u2019\u00e9ducation interminables ? Gr\u00e2ce \u00e0 ce guide exclusif cr\u00e9\u00e9 par une \u00e9ducatrice canine professionnelle, d\u00e9couvrez comment transformer le comportement de votre chien en seulement 15 minutes par jour ! Des m\u00e9thodes simples, rapides et fun, pour un chien bien dans ses pattes\u2026 et un ma\u00eetre combl\u00e9. R\u00e9sultats visibles d\u00e8s les premiers jours !\",\"breadcrumb\":{\"@id\":\"https:\\\/\\\/educatricecanin.com\\\/index.php\\\/mentions-legales\\\/#breadcrumb\"},\"inLanguage\":\"fr-FR\",\"potentialAction\":[{\"@type\":\"ReadAction\",\"target\":[\"https:\\\/\\\/educatricecanin.com\\\/index.php\\\/mentions-legales\\\/\"]}]},{\"@type\":\"BreadcrumbList\",\"@id\":\"https:\\\/\\\/educatricecanin.com\\\/index.php\\\/mentions-legales\\\/#breadcrumb\",\"itemListElement\":[{\"@type\":\"ListItem\",\"position\":1,\"name\":\"Home\",\"item\":\"https:\\\/\\\/educatricecanin.com\\\/\"},{\"@type\":\"ListItem\",\"position\":2,\"name\":\"Mentions l\u00e9gales\"}]},{\"@type\":\"WebSite\",\"@id\":\"https:\\\/\\\/educatricecanin.com\\\/#website\",\"url\":\"https:\\\/\\\/educatricecanin.com\\\/\",\"name\":\"WordPress\",\"description\":\"\",\"publisher\":{\"@id\":\"https:\\\/\\\/educatricecanin.com\\\/#organization\"},\"potentialAction\":[{\"@type\":\"SearchAction\",\"target\":{\"@type\":\"EntryPoint\",\"urlTemplate\":\"https:\\\/\\\/educatricecanin.com\\\/?s={search_term_string}\"},\"query-input\":{\"@type\":\"PropertyValueSpecification\",\"valueRequired\":true,\"valueName\":\"search_term_string\"}}],\"inLanguage\":\"fr-FR\"},{\"@type\":\"Organization\",\"@id\":\"https:\\\/\\\/educatricecanin.com\\\/#organization\",\"name\":\"WordPress\",\"url\":\"https:\\\/\\\/educatricecanin.com\\\/\",\"logo\":{\"@type\":\"ImageObject\",\"inLanguage\":\"fr-FR\",\"@id\":\"https:\\\/\\\/educatricecanin.com\\\/#\\\/schema\\\/logo\\\/image\\\/\",\"url\":\"https:\\\/\\\/educatricecanin.com\\\/wp-content\\\/uploads\\\/2025\\\/07\\\/logo-1.png\",\"contentUrl\":\"https:\\\/\\\/educatricecanin.com\\\/wp-content\\\/uploads\\\/2025\\\/07\\\/logo-1.png\",\"width\":156,\"height\":40,\"caption\":\"WordPress\"},\"image\":{\"@id\":\"https:\\\/\\\/educatricecanin.com\\\/#\\\/schema\\\/logo\\\/image\\\/\"}}]}<\/script>\n<!-- \/ Yoast SEO plugin. -->","yoast_head_json":{"title":"Caroline Lange - Educatrice professionnelle canin","description":"Marre des s\u00e9ances d\u2019\u00e9ducation interminables ? Gr\u00e2ce \u00e0 ce guide exclusif cr\u00e9\u00e9 par une \u00e9ducatrice canine professionnelle, d\u00e9couvrez comment transformer le comportement de votre chien en seulement 15 minutes par jour ! Des m\u00e9thodes simples, rapides et fun, pour un chien bien dans ses pattes\u2026 et un ma\u00eetre combl\u00e9. R\u00e9sultats visibles d\u00e8s les premiers jours !","robots":{"index":"index","follow":"follow","max-snippet":"max-snippet:-1","max-image-preview":"max-image-preview:large","max-video-preview":"max-video-preview:-1"},"canonical":"https:\/\/educatricecanin.com\/index.php\/mentions-legales\/","og_locale":"fr_FR","og_type":"article","og_title":"Caroline Lange - Educatrice professionnelle canin","og_description":"Marre des s\u00e9ances d\u2019\u00e9ducation interminables ? Gr\u00e2ce \u00e0 ce guide exclusif cr\u00e9\u00e9 par une \u00e9ducatrice canine professionnelle, d\u00e9couvrez comment transformer le comportement de votre chien en seulement 15 minutes par jour ! Des m\u00e9thodes simples, rapides et fun, pour un chien bien dans ses pattes\u2026 et un ma\u00eetre combl\u00e9. R\u00e9sultats visibles d\u00e8s les premiers jours !","og_url":"https:\/\/educatricecanin.com\/index.php\/mentions-legales\/","og_site_name":"WordPress","article_modified_time":"2025-07-08T13:46:39+00:00","twitter_card":"summary_large_image","twitter_misc":{"Dur\u00e9e de lecture estim\u00e9e":"2 minutes"},"schema":{"@context":"https:\/\/schema.org","@graph":[{"@type":"WebPage","@id":"https:\/\/educatricecanin.com\/index.php\/mentions-legales\/","url":"https:\/\/educatricecanin.com\/index.php\/mentions-legales\/","name":"Caroline Lange - Educatrice professionnelle canin","isPartOf":{"@id":"https:\/\/educatricecanin.com\/#website"},"datePublished":"2025-07-08T13:34:01+00:00","dateModified":"2025-07-08T13:46:39+00:00","description":"Marre des s\u00e9ances d\u2019\u00e9ducation interminables ? Gr\u00e2ce \u00e0 ce guide exclusif cr\u00e9\u00e9 par une \u00e9ducatrice canine professionnelle, d\u00e9couvrez comment transformer le comportement de votre chien en seulement 15 minutes par jour ! Des m\u00e9thodes simples, rapides et fun, pour un chien bien dans ses pattes\u2026 et un ma\u00eetre combl\u00e9. R\u00e9sultats visibles d\u00e8s les premiers jours !","breadcrumb":{"@id":"https:\/\/educatricecanin.com\/index.php\/mentions-legales\/#breadcrumb"},"inLanguage":"fr-FR","potentialAction":[{"@type":"ReadAction","target":["https:\/\/educatricecanin.com\/index.php\/mentions-legales\/"]}]},{"@type":"BreadcrumbList","@id":"https:\/\/educatricecanin.com\/index.php\/mentions-legales\/#breadcrumb","itemListElement":[{"@type":"ListItem","position":1,"name":"Home","item":"https:\/\/educatricecanin.com\/"},{"@type":"ListItem","position":2,"name":"Mentions l\u00e9gales"}]},{"@type":"WebSite","@id":"https:\/\/educatricecanin.com\/#website","url":"https:\/\/educatricecanin.com\/","name":"WordPress","description":"","publisher":{"@id":"https:\/\/educatricecanin.com\/#organization"},"potentialAction":[{"@type":"SearchAction","target":{"@type":"EntryPoint","urlTemplate":"https:\/\/educatricecanin.com\/?s={search_term_string}"},"query-input":{"@type":"PropertyValueSpecification","valueRequired":true,"valueName":"search_term_string"}}],"inLanguage":"fr-FR"},{"@type":"Organization","@id":"https:\/\/educatricecanin.com\/#organization","name":"WordPress","url":"https:\/\/educatricecanin.com\/","logo":{"@type":"ImageObject","inLanguage":"fr-FR","@id":"https:\/\/educatricecanin.com\/#\/schema\/logo\/image\/","url":"https:\/\/educatricecanin.com\/wp-content\/uploads\/2025\/07\/logo-1.png","contentUrl":"https:\/\/educatricecanin.com\/wp-content\/uploads\/2025\/07\/logo-1.png","width":156,"height":40,"caption":"WordPress"},"image":{"@id":"https:\/\/educatricecanin.com\/#\/schema\/logo\/image\/"}}]}},"_links":{"self":[{"href":"https:\/\/educatricecanin.com\/index.php\/wp-json\/wp\/v2\/pages\/241","targetHints":{"allow":["GET"]}}],"collection":[{"href":"https:\/\/educatricecanin.com\/index.php\/wp-json\/wp\/v2\/pages"}],"about":[{"href":"https:\/\/educatricecanin.com\/index.php\/wp-json\/wp\/v2\/types\/page"}],"author":[{"embeddable":true,"href":"https:\/\/educatricecanin.com\/index.php\/wp-json\/wp\/v2\/users\/1"}],"replies":[{"embeddable":true,"href":"https:\/\/educatricecanin.com\/index.php\/wp-json\/wp\/v2\/comments?post=241"}],"version-history":[{"count":7,"href":"https:\/\/educatricecanin.com\/index.php\/wp-json\/wp\/v2\/pages\/241\/revisions"}],"predecessor-version":[{"id":248,"href":"https:\/\/educatricecanin.com\/index.php\/wp-json\/wp\/v2\/pages\/241\/revisions\/248"}],"wp:attachment":[{"href":"https:\/\/educatricecanin.com\/index.php\/wp-json\/wp\/v2\/media?parent=241"}],"curies":[{"name":"wp","href":"https:\/\/api.w.org\/{rel}","templated":true}]}}